{"id":14,"date":"2025-02-07T14:44:08","date_gmt":"2025-02-07T14:44:08","guid":{"rendered":"https:\/\/dev.incubateur.inphb.ci\/?page_id=14"},"modified":"2025-02-11T13:21:34","modified_gmt":"2025-02-11T13:21:34","slug":"front_page","status":"publish","type":"page","link":"https:\/\/dev.incubateur.inphb.ci\/?page_id=14","title":{"rendered":"Accueil"},"content":{"rendered":"\n\n\n\n<ul class=\"wp-block-latest-posts__list has-dates has-author wp-block-latest-posts style-tH3dyrQ4p-widget-box style-local--widget-box wp-block-kubio-core-latest-posts__widget-box\"><li><div class=\"wp-block-latest-posts__featured-image alignright\"><img loading=\"lazy\" decoding=\"async\" width=\"300\" height=\"225\" src=\"https:\/\/dev.incubateur.inphb.ci\/wp-content\/uploads\/2025\/11\/IMG_20251114_114414-300x225.jpg\" class=\"attachment-medium size-medium wp-post-image\" alt=\"\" style=\"max-width:300px;max-height:300px;\" srcset=\"https:\/\/dev.incubateur.inphb.ci\/wp-content\/uploads\/2025\/11\/IMG_20251114_114414-300x225.jpg 300w, https:\/\/dev.incubateur.inphb.ci\/wp-content\/uploads\/2025\/11\/IMG_20251114_114414-1024x768.jpg 1024w, https:\/\/dev.incubateur.inphb.ci\/wp-content\/uploads\/2025\/11\/IMG_20251114_114414-768x576.jpg 768w, https:\/\/dev.incubateur.inphb.ci\/wp-content\/uploads\/2025\/11\/IMG_20251114_114414-1536x1152.jpg 1536w, https:\/\/dev.incubateur.inphb.ci\/wp-content\/uploads\/2025\/11\/IMG_20251114_114414-1440x1080.jpg 1440w, https:\/\/dev.incubateur.inphb.ci\/wp-content\/uploads\/2025\/11\/IMG_20251114_114414.jpg 2032w\" sizes=\"(max-width: 300px) 100vw, 300px\" \/><\/div><a class=\"wp-block-latest-posts__post-title\" href=\"https:\/\/dev.incubateur.inphb.ci\/?p=175\">INP CHALLENGE INNOV 2024\/ FACE AUX EXPERTS &#8211; Formation<\/a><div class=\"wp-block-latest-posts__post-author\">par Koffi Marius DIE<\/div><time datetime=\"2025-11-16T15:59:50+00:00\" class=\"wp-block-latest-posts__post-date\">novembre 16, 2025<\/time><div class=\"wp-block-latest-posts__post-excerpt\">Dans le cadre de l\u2019incubation des porteurs de projets innovants retenus \u00e0 l\u2019appel \u00e0 projet \u00ab&nbsp;INP CHALLENGE INNOV 2024&nbsp;\u00bb et de \u00ab&nbsp;FACE AUX EXPERTS&nbsp;\u00bb, le Bureau central de l\u2019Incubateur de l\u2019\u00e9conomie de l\u2019Innovation et de la propri\u00e9t\u00e9 Intellectuelle a ouvert la premi\u00e8re session de formation en entrepreneuriat, les 13 et 14 novembre 2025 \u00e0 INP-HB\u2026 <a class=\"wp-block-latest-posts__read-more\" href=\"https:\/\/dev.incubateur.inphb.ci\/?p=175\" rel=\"noopener noreferrer\">Lire la suite<span class=\"screen-reader-text\">\u00a0: INP CHALLENGE INNOV 2024\/ FACE AUX EXPERTS &#8211; Formation<\/span><\/a><\/div><\/li>\n<li><div class=\"wp-block-latest-posts__featured-image alignright\"><img loading=\"lazy\" decoding=\"async\" width=\"225\" height=\"300\" src=\"https:\/\/dev.incubateur.inphb.ci\/wp-content\/uploads\/2025\/10\/IMG-20250918-WA0266-225x300.jpg\" class=\"attachment-medium size-medium wp-post-image\" alt=\"\" style=\"max-width:300px;max-height:300px;\" srcset=\"https:\/\/dev.incubateur.inphb.ci\/wp-content\/uploads\/2025\/10\/IMG-20250918-WA0266-225x300.jpg 225w, https:\/\/dev.incubateur.inphb.ci\/wp-content\/uploads\/2025\/10\/IMG-20250918-WA0266.jpg 762w\" sizes=\"(max-width: 225px) 100vw, 225px\" \/><\/div><a class=\"wp-block-latest-posts__post-title\" href=\"https:\/\/dev.incubateur.inphb.ci\/?p=100\">Diagnostique des dix(10) projets innovants s\u00e9lectionn\u00e9s au concours INP CHALLENGE INNOV 2024.<\/a><div class=\"wp-block-latest-posts__post-author\">par Koffi Marius DIE<\/div><time datetime=\"2025-10-06T12:50:05+00:00\" class=\"wp-block-latest-posts__post-date\">octobre 6, 2025<\/time><div class=\"wp-block-latest-posts__post-excerpt\">Pendant deux jours d&rsquo;affil\u00e9s, ce sont dix (10) projets innovants retenus par le jury l\u2019hors du concours d&rsquo;appel \u00e0 projet INP challenge innov 2024, qui ont \u00e9t\u00e9 diagnostiqu\u00e9s par des experts en entrepreneuriat, afin de voir le besoin imminent de chaque projet innovant pour un accompagnement bien orient\u00e9. L&rsquo;accompagnement en formation d\u00e9butera dans le mois\u2026 <a class=\"wp-block-latest-posts__read-more\" href=\"https:\/\/dev.incubateur.inphb.ci\/?p=100\" rel=\"noopener noreferrer\">Lire la suite<span class=\"screen-reader-text\">\u00a0: Diagnostique des dix(10) projets innovants s\u00e9lectionn\u00e9s au concours INP CHALLENGE INNOV 2024.<\/span><\/a><\/div><\/li>\n<li><div class=\"wp-block-latest-posts__featured-image alignright\"><img loading=\"lazy\" decoding=\"async\" width=\"300\" height=\"225\" src=\"https:\/\/dev.incubateur.inphb.ci\/wp-content\/uploads\/2025\/02\/20241211_124418-1-300x225.jpg\" class=\"attachment-medium size-medium wp-post-image\" alt=\"\" style=\"max-width:300px;max-height:300px;\" srcset=\"https:\/\/dev.incubateur.inphb.ci\/wp-content\/uploads\/2025\/02\/20241211_124418-1-300x225.jpg 300w, https:\/\/dev.incubateur.inphb.ci\/wp-content\/uploads\/2025\/02\/20241211_124418-1-1024x768.jpg 1024w, https:\/\/dev.incubateur.inphb.ci\/wp-content\/uploads\/2025\/02\/20241211_124418-1-768x576.jpg 768w, https:\/\/dev.incubateur.inphb.ci\/wp-content\/uploads\/2025\/02\/20241211_124418-1-1536x1152.jpg 1536w, https:\/\/dev.incubateur.inphb.ci\/wp-content\/uploads\/2025\/02\/20241211_124418-1-2048x1536.jpg 2048w, https:\/\/dev.incubateur.inphb.ci\/wp-content\/uploads\/2025\/02\/20241211_124418-1-1440x1080.jpg 1440w\" sizes=\"(max-width: 300px) 100vw, 300px\" \/><\/div><a class=\"wp-block-latest-posts__post-title\" href=\"https:\/\/dev.incubateur.inphb.ci\/?p=71\">\ud83d\ude80 L\u2019Incubateur INP-HB : Un Tremplin pour les Startups Innovantes<\/a><div class=\"wp-block-latest-posts__post-author\">par admin<\/div><time datetime=\"2025-02-11T13:08:05+00:00\" class=\"wp-block-latest-posts__post-date\">f\u00e9vrier 11, 2025<\/time><div class=\"wp-block-latest-posts__post-excerpt\">L\u2019incubateur de l\u2019INP-HB se positionne comme un v\u00e9ritable moteur d\u2019innovation en C\u00f4te d&rsquo;Ivoire. Il accompagne les jeunes entrepreneurs dans la concr\u00e9tisation de leurs projets en leur offrant un cadre propice \u00e0 la cr\u00e9ation et au d\u00e9veloppement de leurs startups.<\/div><\/li>\n<li><a class=\"wp-block-latest-posts__post-title\" href=\"https:\/\/dev.incubateur.inphb.ci\/?p=1\">Hello world!<\/a><div class=\"wp-block-latest-posts__post-author\">par admin<\/div><time datetime=\"2025-02-07T14:09:20+00:00\" class=\"wp-block-latest-posts__post-date\">f\u00e9vrier 7, 2025<\/time><div class=\"wp-block-latest-posts__post-excerpt\">Welcome to WordPress. This is your first post. Edit or delete it, then start writing!<\/div><\/li>\n<\/ul>\n\n\n\n<ul class=\"wp-block-latest-posts__list wp-block-latest-posts style--widget-box style-local--widget-box wp-block-kubio-core-latest-posts__widget-box\"><li><a class=\"wp-block-latest-posts__post-title\" href=\"https:\/\/dev.incubateur.inphb.ci\/?p=175\">INP CHALLENGE INNOV 2024\/ FACE AUX EXPERTS &#8211; Formation<\/a><\/li>\n<li><a class=\"wp-block-latest-posts__post-title\" href=\"https:\/\/dev.incubateur.inphb.ci\/?p=100\">Diagnostique des dix(10) projets innovants s\u00e9lectionn\u00e9s au concours INP CHALLENGE INNOV 2024.<\/a><\/li>\n<li><a class=\"wp-block-latest-posts__post-title\" href=\"https:\/\/dev.incubateur.inphb.ci\/?p=71\">\ud83d\ude80 L\u2019Incubateur INP-HB : Un Tremplin pour les Startups Innovantes<\/a><\/li>\n<li><a class=\"wp-block-latest-posts__post-title\" href=\"https:\/\/dev.incubateur.inphb.ci\/?p=1\">Hello world!<\/a><\/li>\n<\/ul>\n\n\n\n\n\n\n\n\n\n\n\n\n\n\n\n","protected":false},"excerpt":{"rendered":"","protected":false},"author":1,"featured_media":0,"parent":0,"menu_order":0,"comment_status":"closed","ping_status":"closed","template":"","meta":{"saved_in_kubio":true,"footnotes":""},"class_list":["post-14","page","type-page","status-publish","hentry"],"kubio_ai_page_context":{"short_desc":"","purpose":"general","isFrontPage":true},"_links":{"self":[{"href":"https:\/\/dev.incubateur.inphb.ci\/index.php?rest_route=\/wp\/v2\/pages\/14","targetHints":{"allow":["GET"]}}],"collection":[{"href":"https:\/\/dev.incubateur.inphb.ci\/index.php?rest_route=\/wp\/v2\/pages"}],"about":[{"href":"https:\/\/dev.incubateur.inphb.ci\/index.php?rest_route=\/wp\/v2\/types\/page"}],"author":[{"embeddable":true,"href":"https:\/\/dev.incubateur.inphb.ci\/index.php?rest_route=\/wp\/v2\/users\/1"}],"replies":[{"embeddable":true,"href":"https:\/\/dev.incubateur.inphb.ci\/index.php?rest_route=%2Fwp%2Fv2%2Fcomments&post=14"}],"version-history":[{"count":3,"href":"https:\/\/dev.incubateur.inphb.ci\/index.php?rest_route=\/wp\/v2\/pages\/14\/revisions"}],"predecessor-version":[{"id":76,"href":"https:\/\/dev.incubateur.inphb.ci\/index.php?rest_route=\/wp\/v2\/pages\/14\/revisions\/76"}],"wp:attachment":[{"href":"https:\/\/dev.incubateur.inphb.ci\/index.php?rest_route=%2Fwp%2Fv2%2Fmedia&parent=14"}],"curies":[{"name":"wp","href":"https:\/\/api.w.org\/{rel}","templated":true}]}}